{"id":6623,"date":"2020-03-20T13:45:15","date_gmt":"2020-03-20T12:45:15","guid":{"rendered":"https:\/\/nikoladicke.de\/privacy-policy\/"},"modified":"2023-06-26T10:00:52","modified_gmt":"2023-06-26T08:00:52","slug":"privacy-policy","status":"publish","type":"page","link":"https:\/\/nikoladicke.de\/en\/privacy-policy\/","title":{"rendered":"Imprint"},"content":{"rendered":"\t\t<div data-elementor-type=\"wp-page\" data-elementor-id=\"6623\" class=\"elementor elementor-6623 elementor-4794\" data-elementor-post-type=\"page\">\n\t\t\t\t\t\t<section class=\"elementor-section elementor-top-section elementor-element elementor-element-36b1ec47 elementor-section-boxed elementor-section-height-default elementor-section-height-default qodef-elementor-content-no\" data-id=\"36b1ec47\" data-element_type=\"section\" data-e-type=\"section\">\n\t\t\t\t\t\t<div class=\"elementor-container elementor-column-gap-default\">\n\t\t\t\t\t<div class=\"elementor-column elementor-col-100 elementor-top-column elementor-element elementor-element-7b0d4597\" data-id=\"7b0d4597\" data-element_type=\"column\" data-e-type=\"column\">\n\t\t\t<div class=\"elementor-widget-wrap elementor-element-populated\">\n\t\t\t\t\t\t<div class=\"elementor-element elementor-element-2e585afa elementor-widget elementor-widget-text-editor\" data-id=\"2e585afa\" data-element_type=\"widget\" data-e-type=\"widget\" data-widget_type=\"text-editor.default\">\n\t\t\t\t<div class=\"elementor-widget-container\">\n\t\t\t\t\t\t\t\t\t\n<div class=\"elementor-element elementor-element-f3319dd elementor-widget elementor-widget-heading\" data-id=\"f3319dd\" data-element_type=\"widget\" data-widget_type=\"heading.default\">\n<div class=\"elementor-widget-container\">\n<h2 class=\"elementor-heading-title elementor-size-default\">Angaben gem\u00e4\u00df \u00a7 5 TMG:<\/h2>\n<\/div>\n<\/div>\n\n<p>Am Tannenhof 12<br \/>49090 Osnabr\u00fcck<\/p>\n<p><strong>Vertreten durch:<br \/><\/strong>Nikola Dicke<\/p>\n<p><strong>Kontakt:<br \/><\/strong>Tel.: (0541) 750 491 53<br \/>Mobil: (01520) 96 73 846<br \/>E-Mail:\u00a0<a class=\"line\" href=\"mailto:nikoladicke@hotmail.com\">nikoladicke@hotmail.com<\/a><\/p>\n<p><strong>Registereintrag:<br \/><\/strong>Eintragung im Handelsregister.<br \/>Registergericht: XXX<br \/>Registernummer: XXX<\/p>\n<p><strong>Umsatzsteuer:<br \/><\/strong>Umsatzsteuer-Identifikationsnummer gem\u00e4\u00df \u00a727 a Umsatzsteuergesetz:<br \/>XXX<\/p>\n<p><strong>Verantwortlich f\u00fcr den Inhalt nach \u00a7 55 Abs. 2 RStV:<br \/><\/strong>Stefanie Knobloch<\/p>\n<p><strong>Streitschlichtung<br \/><\/strong>Wir sind nicht bereit oder verpflichtet, an Streitbeilegungsverfahren vor einer Verbraucherschlichtungsstelle teilzunehmen.<\/p>\n<p><strong>Haftung f\u00fcr Inhalte<br \/><\/strong>Als Diensteanbieter sind wir gem\u00e4\u00df \u00a7 7 Abs.1 TMG f\u00fcr eigene Inhalte auf diesen Seiten nach den allgemeinen Gesetzen verantwortlich. Nach \u00a7\u00a7 8 bis 10 TMG sind wir als Diensteanbieter jedoch nicht verpflichtet, \u00fcbermittelte oder gespeicherte fremde Informationen zu \u00fcberwachen oder nach Umst\u00e4nden zu forschen, die auf eine rechtswidrige T\u00e4tigkeit hinweisen.<\/p>\n<p>Verpflichtungen zur Entfernung oder Sperrung der Nutzung von Informationen nach den allgemeinen Gesetzen bleiben hiervon unber\u00fchrt. Eine diesbez\u00fcgliche Haftung ist jedoch erst ab dem Zeitpunkt der Kenntnis einer konkreten Rechtsverletzung m\u00f6glich. Bei Bekanntwerden von entsprechenden Rechtsverletzungen werden wir diese Inhalte umgehend entfernen.<\/p>\n<p><strong>Haftung f\u00fcr Links<br \/><\/strong>Unser Angebot enth\u00e4lt Links zu externen Webseiten Dritter, auf deren Inhalte wir keinen Einfluss haben. Deshalb k\u00f6nnen wir f\u00fcr diese fremden Inhalte auch keine Gew\u00e4hr \u00fcbernehmen. F\u00fcr die Inhalte der verlinkten Seiten ist stets der jeweilige Anbieter oder Betreiber der Seiten verantwortlich. Die verlinkten Seiten wurden zum Zeitpunkt der Verlinkung auf m\u00f6gliche Rechtsverst\u00f6\u00dfe \u00fcberpr\u00fcft. Rechtswidrige Inhalte waren zum Zeitpunkt der Verlinkung nicht erkennbar.<\/p>\n<p>Eine permanente inhaltliche Kontrolle der verlinkten Seiten ist jedoch ohne konkrete Anhaltspunkte einer Rechtsverletzung nicht zumutbar. Bei Bekanntwerden von Rechtsverletzungen werden wir derartige Links umgehend entfernen.<\/p>\n<p><strong>Urheberrecht<br \/><\/strong>Die durch die Seitenbetreiber erstellten Inhalte und Werke auf diesen Seiten unterliegen dem deutschen Urheberrecht. Die Vervielf\u00e4ltigung, Bearbeitung, Verbreitung und jede Art der Verwertung au\u00dferhalb der Grenzen des Urheberrechtes bed\u00fcrfen der schriftlichen Zustimmung des jeweiligen Autors bzw. Erstellers. Downloads und Kopien dieser Seite sind nur f\u00fcr den privaten, nicht kommerziellen Gebrauch gestattet.<\/p>\n<p>Soweit die Inhalte auf dieser Seite nicht vom Betreiber erstellt wurden, werden die Urheberrechte Dritter beachtet. Insbesondere werden Inhalte Dritter als solche gekennzeichnet. Sollten Sie trotzdem auf eine Urheberrechtsverletzung aufmerksam werden, bitten wir um einen entsprechenden Hinweis. Bei Bekanntwerden von Rechtsverletzungen werden wir derartige Inhalte umgehend entfernen.<\/p>\n\t\t\t\t\t\t\t\t<\/div>\n\t\t\t\t<\/div>\n\t\t\t\t\t<\/div>\n\t\t<\/div>\n\t\t\t\t\t<\/div>\n\t\t<\/section>\n\t\t\t\t<\/div>\n\t\t","protected":false},"excerpt":{"rendered":"<p>Angaben gem\u00e4\u00df \u00a7 5 TMG: Am Tannenhof 12 49090 Osnabr\u00fcck Vertreten durch: Nikola Dicke Kontakt: Tel.: (0541) 750 491 53 Mobil: (01520) 96 73 846 E-Mail:&nbsp;nikoladicke@hotmail.com Registereintrag: Eintragung im Handelsregister. Registergericht: XXX Registernummer: XXX Umsatzsteuer: Umsatzsteuer-Identifikationsnummer gem\u00e4\u00df \u00a727 a Umsatzsteuergesetz: XXX Verantwortlich f\u00fcr den Inhalt nach \u00a7 55 Abs. 2 RStV: Stefanie Knobloch Streitschlichtung Wir [&hellip;]<\/p>\n","protected":false},"author":1,"featured_media":0,"parent":0,"menu_order":0,"comment_status":"closed","ping_status":"closed","template":"","meta":{"footnotes":""},"class_list":["post-6623","page","type-page","status-publish","hentry"],"yoast_head":"<!-- This site is optimized with the Yoast SEO plugin v27.2 - https:\/\/yoast.com\/product\/yoast-seo-wordpress\/ -->\n<title>Imprint - Nikola Dicke<\/title>\n<meta name=\"robots\" content=\"index, follow, max-snippet:-1, max-image-preview:large, max-video-preview:-1\" \/>\n<link rel=\"canonical\" href=\"https:\/\/nikoladicke.de\/en\/privacy-policy\/\" \/>\n<meta property=\"og:locale\" content=\"en_US\" \/>\n<meta property=\"og:type\" content=\"article\" \/>\n<meta property=\"og:title\" content=\"Imprint - Nikola Dicke\" \/>\n<meta property=\"og:description\" content=\"Angaben gem\u00e4\u00df \u00a7 5 TMG: Am Tannenhof 12 49090 Osnabr\u00fcck Vertreten durch: Nikola Dicke Kontakt: Tel.: (0541) 750 491 53 Mobil: (01520) 96 73 846 E-Mail:&nbsp;nikoladicke@hotmail.com Registereintrag: Eintragung im Handelsregister. Registergericht: XXX Registernummer: XXX Umsatzsteuer: Umsatzsteuer-Identifikationsnummer gem\u00e4\u00df \u00a727 a Umsatzsteuergesetz: XXX Verantwortlich f\u00fcr den Inhalt nach \u00a7 55 Abs. 2 RStV: Stefanie Knobloch Streitschlichtung Wir [&hellip;]\" \/>\n<meta property=\"og:url\" content=\"https:\/\/nikoladicke.de\/en\/privacy-policy\/\" \/>\n<meta property=\"og:site_name\" content=\"Nikola Dicke\" \/>\n<meta property=\"article:modified_time\" content=\"2023-06-26T08:00:52+00:00\" \/>\n<meta name=\"twitter:card\" content=\"summary_large_image\" \/>\n<meta name=\"twitter:label1\" content=\"Est. reading time\" \/>\n\t<meta name=\"twitter:data1\" content=\"2 minutes\" \/>\n<script type=\"application\/ld+json\" class=\"yoast-schema-graph\">{\"@context\":\"https:\/\/schema.org\",\"@graph\":[{\"@type\":\"WebPage\",\"@id\":\"https:\/\/nikoladicke.de\/en\/privacy-policy\/\",\"url\":\"https:\/\/nikoladicke.de\/en\/privacy-policy\/\",\"name\":\"Imprint - Nikola Dicke\",\"isPartOf\":{\"@id\":\"https:\/\/nikoladicke.de\/en\/#website\"},\"datePublished\":\"2020-03-20T12:45:15+00:00\",\"dateModified\":\"2023-06-26T08:00:52+00:00\",\"breadcrumb\":{\"@id\":\"https:\/\/nikoladicke.de\/en\/privacy-policy\/#breadcrumb\"},\"inLanguage\":\"en-US\",\"potentialAction\":[{\"@type\":\"ReadAction\",\"target\":[\"https:\/\/nikoladicke.de\/en\/privacy-policy\/\"]}]},{\"@type\":\"BreadcrumbList\",\"@id\":\"https:\/\/nikoladicke.de\/en\/privacy-policy\/#breadcrumb\",\"itemListElement\":[{\"@type\":\"ListItem\",\"position\":1,\"name\":\"Start\",\"item\":\"https:\/\/nikoladicke.de\/en\/\"},{\"@type\":\"ListItem\",\"position\":2,\"name\":\"Imprint\"}]},{\"@type\":\"WebSite\",\"@id\":\"https:\/\/nikoladicke.de\/en\/#website\",\"url\":\"https:\/\/nikoladicke.de\/en\/\",\"name\":\"Nikola Dicke\",\"description\":\"Raum | Licht | Zeichnung\",\"publisher\":{\"@id\":\"https:\/\/nikoladicke.de\/en\/#\/schema\/person\/ef717d91ba8d6f469a6b485c23489797\"},\"potentialAction\":[{\"@type\":\"SearchAction\",\"target\":{\"@type\":\"EntryPoint\",\"urlTemplate\":\"https:\/\/nikoladicke.de\/en\/?s={search_term_string}\"},\"query-input\":{\"@type\":\"PropertyValueSpecification\",\"valueRequired\":true,\"valueName\":\"search_term_string\"}}],\"inLanguage\":\"en-US\"},{\"@type\":[\"Person\",\"Organization\"],\"@id\":\"https:\/\/nikoladicke.de\/en\/#\/schema\/person\/ef717d91ba8d6f469a6b485c23489797\",\"name\":\"Nikola Dicke\",\"image\":{\"@type\":\"ImageObject\",\"inLanguage\":\"en-US\",\"@id\":\"https:\/\/nikoladicke.de\/wp-content\/uploads\/2022\/03\/nikoladicke_wortbildmarke_rot.svg\",\"url\":\"https:\/\/nikoladicke.de\/wp-content\/uploads\/2022\/03\/nikoladicke_wortbildmarke_rot.svg\",\"contentUrl\":\"https:\/\/nikoladicke.de\/wp-content\/uploads\/2022\/03\/nikoladicke_wortbildmarke_rot.svg\",\"width\":426,\"height\":338,\"caption\":\"Nikola Dicke\"},\"logo\":{\"@id\":\"https:\/\/nikoladicke.de\/wp-content\/uploads\/2022\/03\/nikoladicke_wortbildmarke_rot.svg\"}}]}<\/script>\n<!-- \/ Yoast SEO plugin. -->","yoast_head_json":{"title":"Imprint - Nikola Dicke","robots":{"index":"index","follow":"follow","max-snippet":"max-snippet:-1","max-image-preview":"max-image-preview:large","max-video-preview":"max-video-preview:-1"},"canonical":"https:\/\/nikoladicke.de\/en\/privacy-policy\/","og_locale":"en_US","og_type":"article","og_title":"Imprint - Nikola Dicke","og_description":"Angaben gem\u00e4\u00df \u00a7 5 TMG: Am Tannenhof 12 49090 Osnabr\u00fcck Vertreten durch: Nikola Dicke Kontakt: Tel.: (0541) 750 491 53 Mobil: (01520) 96 73 846 E-Mail:&nbsp;nikoladicke@hotmail.com Registereintrag: Eintragung im Handelsregister. Registergericht: XXX Registernummer: XXX Umsatzsteuer: Umsatzsteuer-Identifikationsnummer gem\u00e4\u00df \u00a727 a Umsatzsteuergesetz: XXX Verantwortlich f\u00fcr den Inhalt nach \u00a7 55 Abs. 2 RStV: Stefanie Knobloch Streitschlichtung Wir [&hellip;]","og_url":"https:\/\/nikoladicke.de\/en\/privacy-policy\/","og_site_name":"Nikola Dicke","article_modified_time":"2023-06-26T08:00:52+00:00","twitter_card":"summary_large_image","twitter_misc":{"Est. reading time":"2 minutes"},"schema":{"@context":"https:\/\/schema.org","@graph":[{"@type":"WebPage","@id":"https:\/\/nikoladicke.de\/en\/privacy-policy\/","url":"https:\/\/nikoladicke.de\/en\/privacy-policy\/","name":"Imprint - Nikola Dicke","isPartOf":{"@id":"https:\/\/nikoladicke.de\/en\/#website"},"datePublished":"2020-03-20T12:45:15+00:00","dateModified":"2023-06-26T08:00:52+00:00","breadcrumb":{"@id":"https:\/\/nikoladicke.de\/en\/privacy-policy\/#breadcrumb"},"inLanguage":"en-US","potentialAction":[{"@type":"ReadAction","target":["https:\/\/nikoladicke.de\/en\/privacy-policy\/"]}]},{"@type":"BreadcrumbList","@id":"https:\/\/nikoladicke.de\/en\/privacy-policy\/#breadcrumb","itemListElement":[{"@type":"ListItem","position":1,"name":"Start","item":"https:\/\/nikoladicke.de\/en\/"},{"@type":"ListItem","position":2,"name":"Imprint"}]},{"@type":"WebSite","@id":"https:\/\/nikoladicke.de\/en\/#website","url":"https:\/\/nikoladicke.de\/en\/","name":"Nikola Dicke","description":"Raum | Licht | Zeichnung","publisher":{"@id":"https:\/\/nikoladicke.de\/en\/#\/schema\/person\/ef717d91ba8d6f469a6b485c23489797"},"potentialAction":[{"@type":"SearchAction","target":{"@type":"EntryPoint","urlTemplate":"https:\/\/nikoladicke.de\/en\/?s={search_term_string}"},"query-input":{"@type":"PropertyValueSpecification","valueRequired":true,"valueName":"search_term_string"}}],"inLanguage":"en-US"},{"@type":["Person","Organization"],"@id":"https:\/\/nikoladicke.de\/en\/#\/schema\/person\/ef717d91ba8d6f469a6b485c23489797","name":"Nikola Dicke","image":{"@type":"ImageObject","inLanguage":"en-US","@id":"https:\/\/nikoladicke.de\/wp-content\/uploads\/2022\/03\/nikoladicke_wortbildmarke_rot.svg","url":"https:\/\/nikoladicke.de\/wp-content\/uploads\/2022\/03\/nikoladicke_wortbildmarke_rot.svg","contentUrl":"https:\/\/nikoladicke.de\/wp-content\/uploads\/2022\/03\/nikoladicke_wortbildmarke_rot.svg","width":426,"height":338,"caption":"Nikola Dicke"},"logo":{"@id":"https:\/\/nikoladicke.de\/wp-content\/uploads\/2022\/03\/nikoladicke_wortbildmarke_rot.svg"}}]}},"_links":{"self":[{"href":"https:\/\/nikoladicke.de\/en\/wp-json\/wp\/v2\/pages\/6623","targetHints":{"allow":["GET"]}}],"collection":[{"href":"https:\/\/nikoladicke.de\/en\/wp-json\/wp\/v2\/pages"}],"about":[{"href":"https:\/\/nikoladicke.de\/en\/wp-json\/wp\/v2\/types\/page"}],"author":[{"embeddable":true,"href":"https:\/\/nikoladicke.de\/en\/wp-json\/wp\/v2\/users\/1"}],"replies":[{"embeddable":true,"href":"https:\/\/nikoladicke.de\/en\/wp-json\/wp\/v2\/comments?post=6623"}],"version-history":[{"count":1,"href":"https:\/\/nikoladicke.de\/en\/wp-json\/wp\/v2\/pages\/6623\/revisions"}],"predecessor-version":[{"id":6650,"href":"https:\/\/nikoladicke.de\/en\/wp-json\/wp\/v2\/pages\/6623\/revisions\/6650"}],"wp:attachment":[{"href":"https:\/\/nikoladicke.de\/en\/wp-json\/wp\/v2\/media?parent=6623"}],"curies":[{"name":"wp","href":"https:\/\/api.w.org\/{rel}","templated":true}]}}